{"id":4019,"date":"2025-10-06T12:18:38","date_gmt":"2025-10-06T12:18:38","guid":{"rendered":"https:\/\/alissia-milena.ch\/?page_id=4019"},"modified":"2026-03-09T05:34:41","modified_gmt":"2026-03-09T05:34:41","slug":"alissia-milena","status":"publish","type":"page","link":"https:\/\/alissia-milena.ch\/en\/ueber-mich\/alissia-milena\/","title":{"rendered":"Alissia Milena"},"content":{"rendered":"<p>With her distinctive voice, harp, and guitar, Alissia Milena creates atmospheric soundscapes that take her audience on a profound musical journey.<br>The Swiss musician's passion lies in composing her own songs; she also arranges traditional folk songs from around the world in various languages, giving them a personal touch. She has been presenting her works for over 10 years, both <strong>solo but also with band<\/strong> and adapts their performance flexibly to the respective stage.<\/p>\n\n\n\n<p>So verbindet sie traditionelle Inspirationen mit modernen Ausdrucksformen zu Musik, die sowohl zug\u00e4nglich als auch k\u00fcnstlerisch anspruchsvoll ist. Mit ihren Kompositionen l\u00e4sst sie keltische Melodien mit Einfl\u00fcssen aus Asien sowie Nord- und S\u00fcdamerika verschmelzen und erschafft eine einzigartige Mischung aus Folk und mystischer Weltmusik, die von den Wundern des Lebens, den Kr\u00e4ften der Natur und dem Weg zum inneren Frieden erz\u00e4hlt.<\/p>\n\n\n\n<p>Her performances range from intimate and touching to powerful, rhythmically expressive moments that enliven and captivate the audience. Alissia invites them to sing along to selected songs, making each concert a particularly intense experience of connection.<\/p>\n\n\n\n<div class=\"wp-block-media-text is-stacked-on-mobile\" style=\"grid-template-columns:35% auto\"><figure class=\"wp-block-media-text__media\"><img loading=\"lazy\" decoding=\"async\" width=\"683\" height=\"1024\" src=\"https:\/\/alissia-milena.ch\/wp-content\/uploads\/2025\/10\/nisihof25_026-683x1024.jpg\" alt=\"\" class=\"wp-image-4095 size-full\" srcset=\"https:\/\/alissia-milena.ch\/wp-content\/uploads\/2025\/10\/nisihof25_026-683x1024.jpg 683w, https:\/\/alissia-milena.ch\/wp-content\/uploads\/2025\/10\/nisihof25_026-200x300.jpg 200w, https:\/\/alissia-milena.ch\/wp-content\/uploads\/2025\/10\/nisihof25_026-768x1152.jpg 768w, https:\/\/alissia-milena.ch\/wp-content\/uploads\/2025\/10\/nisihof25_026-1024x1536.jpg 1024w, https:\/\/alissia-milena.ch\/wp-content\/uploads\/2025\/10\/nisihof25_026-8x12.jpg 8w, https:\/\/alissia-milena.ch\/wp-content\/uploads\/2025\/10\/nisihof25_026.jpg 1360w\" sizes=\"auto, (max-width: 683px) 100vw, 683px\" \/><\/figure><div class=\"wp-block-media-text__content\">\n<p class=\"has-husk-color has-text-color has-link-color wp-elements-b3159d9e4ac278fe7959da5504bd10e9\">\u201e<em>Our existence is like a beautiful melody.<\/em><br>The <em>Melodies of all beings together create an infinite symphony of harmony.<\/em>&nbsp;<em>Crystal clear, vibrating, singing, and swinging, the sounds dance a round dance to the eternal heartbeat that connects us all.\"<\/em><br>Alissia Milena<\/p>\n<\/div><\/div>\n\n\n\n<p style=\"font-size:22px\"><strong>Biography<\/strong><\/p>\n\n\n\n<p>Born in April 1995 in the mountains of the Bernese Oberland, Alissia Milena grew up in a musically influenced environment. She discovered her passion for music at an early age and taught herself to play the harp, guitar, and flute, alongside her violin and piano studies. She developed her voice into a clear and versatile instrument that lends her compositions a special impact.<\/p>\n\n\n\n<p>At the age of 18, she began playing her own concerts and leading vocal workshops. In the following years, she gained international stage experience: She played in various bands, including <strong>Urahnia<\/strong> (Celtic Folk), <strong>Cantanda Michele<\/strong> (Reggae) und  <strong>Freds Unlimited<\/strong> (Bluegrass). Besides she has <strong>worked with the internationally renowned world music producer Kailash Kokopelli<\/strong> and 2022 she led togehter with <strong>Veronika Stalder a Peace Choir<\/strong>.<\/p>\n\n\n\n<p>In 2020 she released her debut album <strong>\u201eOver the Land\u201c<\/strong> and toured with cellist Alexander Sascha and percussionist Milan Gabriel. Their second album was released on October 12, 2024. <strong>\u201eGaya\u201c<\/strong>, und 2025 startet sie mit ihrer neuen <strong><a href=\"https:\/\/alissia-milena.ch\/en\/ueber-mich\/band\/\">Band<\/a><\/strong> die <strong><a href=\"https:\/\/alissia-milena.ch\/en\/events\/\">\u201eGaya\u201c-Tour<\/a><\/strong>.<\/p>\n\n\n\n<figure class=\"wp-block-image size-large\"><a href=\"https:\/\/alissia-milena.ch\/en\/ueber-mich\/band\/\"><img loading=\"lazy\" decoding=\"async\" width=\"1024\" height=\"683\" src=\"https:\/\/alissia-milena.ch\/wp-content\/uploads\/2025\/10\/nisihof25_070-1024x683.jpg\" alt=\"\" class=\"wp-image-4105\" srcset=\"https:\/\/alissia-milena.ch\/wp-content\/uploads\/2025\/10\/nisihof25_070-1024x683.jpg 1024w, https:\/\/alissia-milena.ch\/wp-content\/uploads\/2025\/10\/nisihof25_070-300x200.jpg 300w, https:\/\/alissia-milena.ch\/wp-content\/uploads\/2025\/10\/nisihof25_070-768x512.jpg 768w, https:\/\/alissia-milena.ch\/wp-content\/uploads\/2025\/10\/nisihof25_070-1536x1024.jpg 1536w, https:\/\/alissia-milena.ch\/wp-content\/uploads\/2025\/10\/nisihof25_070-18x12.jpg 18w, https:\/\/alissia-milena.ch\/wp-content\/uploads\/2025\/10\/nisihof25_070.jpg 2040w\" sizes=\"auto, (max-width: 1024px) 100vw, 1024px\" \/><\/a><\/figure>\n\n\n\n<p><\/p>","protected":false},"excerpt":{"rendered":"<p>Alissia Milena erschafft mit ihrer unverwechselbaren Stimme sowie mit Harfe und Gitarre atmosph\u00e4rische Klangr\u00e4ume, die ihr Publikum auf eine tiefgehende musikalische Reise mitnehmen.Die Leidenschaft der [&hellip;]<\/p>\n","protected":false},"author":3,"featured_media":0,"parent":61,"menu_order":0,"comment_status":"closed","ping_status":"closed","template":"","meta":{"footnotes":""},"class_list":["post-4019","page","type-page","status-publish","hentry"],"yoast_head":"<!-- This site is optimized with the Yoast SEO plugin v27.4 - https:\/\/yoast.com\/product\/yoast-seo-wordpress\/ -->\n<title>Alissia Milena - Alissia Milena<\/title>\n<meta name=\"robots\" content=\"index, follow, max-snippet:-1, max-image-preview:large, max-video-preview:-1\" \/>\n<link rel=\"canonical\" href=\"https:\/\/alissia-milena.ch\/en\/ueber-mich\/alissia-milena\/\" \/>\n<meta property=\"og:locale\" content=\"en_US\" \/>\n<meta property=\"og:type\" content=\"article\" \/>\n<meta property=\"og:title\" content=\"Alissia Milena - Alissia Milena\" \/>\n<meta property=\"og:description\" content=\"Alissia Milena erschafft mit ihrer unverwechselbaren Stimme sowie mit Harfe und Gitarre atmosph\u00e4rische Klangr\u00e4ume, die ihr Publikum auf eine tiefgehende musikalische Reise mitnehmen.Die Leidenschaft der [&hellip;]\" \/>\n<meta property=\"og:url\" content=\"https:\/\/alissia-milena.ch\/en\/ueber-mich\/alissia-milena\/\" \/>\n<meta property=\"og:site_name\" content=\"Alissia Milena\" \/>\n<meta property=\"article:publisher\" content=\"https:\/\/www.facebook.com\/alissiamilena\" \/>\n<meta property=\"article:modified_time\" content=\"2026-03-09T05:34:41+00:00\" \/>\n<meta property=\"og:image\" content=\"https:\/\/alissia-milena.ch\/wp-content\/uploads\/2025\/10\/nisihof25_026.jpg\" \/>\n\t<meta property=\"og:image:width\" content=\"1360\" \/>\n\t<meta property=\"og:image:height\" content=\"2040\" \/>\n\t<meta property=\"og:image:type\" content=\"image\/jpeg\" \/>\n<meta name=\"twitter:card\" content=\"summary_large_image\" \/>\n<meta name=\"twitter:label1\" content=\"Est. reading time\" \/>\n\t<meta name=\"twitter:data1\" content=\"3 minutes\" \/>\n<script type=\"application\/ld+json\" class=\"yoast-schema-graph\">{\"@context\":\"https:\\\/\\\/schema.org\",\"@graph\":[{\"@type\":\"WebPage\",\"@id\":\"https:\\\/\\\/alissia-milena.ch\\\/ueber-mich\\\/alissia-milena\\\/\",\"url\":\"https:\\\/\\\/alissia-milena.ch\\\/ueber-mich\\\/alissia-milena\\\/\",\"name\":\"Alissia Milena - Alissia Milena\",\"isPartOf\":{\"@id\":\"https:\\\/\\\/alissia-milena.ch\\\/#website\"},\"primaryImageOfPage\":{\"@id\":\"https:\\\/\\\/alissia-milena.ch\\\/ueber-mich\\\/alissia-milena\\\/#primaryimage\"},\"image\":{\"@id\":\"https:\\\/\\\/alissia-milena.ch\\\/ueber-mich\\\/alissia-milena\\\/#primaryimage\"},\"thumbnailUrl\":\"https:\\\/\\\/alissia-milena.ch\\\/wp-content\\\/uploads\\\/2025\\\/10\\\/nisihof25_026-683x1024.jpg\",\"datePublished\":\"2025-10-06T12:18:38+00:00\",\"dateModified\":\"2026-03-09T05:34:41+00:00\",\"breadcrumb\":{\"@id\":\"https:\\\/\\\/alissia-milena.ch\\\/ueber-mich\\\/alissia-milena\\\/#breadcrumb\"},\"inLanguage\":\"en-US\",\"potentialAction\":[{\"@type\":\"ReadAction\",\"target\":[\"https:\\\/\\\/alissia-milena.ch\\\/ueber-mich\\\/alissia-milena\\\/\"]}]},{\"@type\":\"ImageObject\",\"inLanguage\":\"en-US\",\"@id\":\"https:\\\/\\\/alissia-milena.ch\\\/ueber-mich\\\/alissia-milena\\\/#primaryimage\",\"url\":\"https:\\\/\\\/alissia-milena.ch\\\/wp-content\\\/uploads\\\/2025\\\/10\\\/nisihof25_026-683x1024.jpg\",\"contentUrl\":\"https:\\\/\\\/alissia-milena.ch\\\/wp-content\\\/uploads\\\/2025\\\/10\\\/nisihof25_026-683x1024.jpg\"},{\"@type\":\"BreadcrumbList\",\"@id\":\"https:\\\/\\\/alissia-milena.ch\\\/ueber-mich\\\/alissia-milena\\\/#breadcrumb\",\"itemListElement\":[{\"@type\":\"ListItem\",\"position\":1,\"name\":\"Startseite\",\"item\":\"https:\\\/\\\/alissia-milena.ch\\\/\"},{\"@type\":\"ListItem\",\"position\":2,\"name\":\"\u00dcber mich\",\"item\":\"https:\\\/\\\/alissia-milena.ch\\\/ueber-mich\\\/\"},{\"@type\":\"ListItem\",\"position\":3,\"name\":\"Alissia Milena\"}]},{\"@type\":\"WebSite\",\"@id\":\"https:\\\/\\\/alissia-milena.ch\\\/#website\",\"url\":\"https:\\\/\\\/alissia-milena.ch\\\/\",\"name\":\"Alissia Milena\",\"description\":\"Alissia Milena\",\"publisher\":{\"@id\":\"https:\\\/\\\/alissia-milena.ch\\\/#\\\/schema\\\/person\\\/689d62ef86fb6a107ff0264c24c5484b\"},\"alternateName\":\"Alissia Milena\",\"potentialAction\":[{\"@type\":\"SearchAction\",\"target\":{\"@type\":\"EntryPoint\",\"urlTemplate\":\"https:\\\/\\\/alissia-milena.ch\\\/?s={search_term_string}\"},\"query-input\":{\"@type\":\"PropertyValueSpecification\",\"valueRequired\":true,\"valueName\":\"search_term_string\"}}],\"inLanguage\":\"en-US\"},{\"@type\":[\"Person\",\"Organization\"],\"@id\":\"https:\\\/\\\/alissia-milena.ch\\\/#\\\/schema\\\/person\\\/689d62ef86fb6a107ff0264c24c5484b\",\"name\":\"Alissia Milena\",\"image\":{\"@type\":\"ImageObject\",\"inLanguage\":\"en-US\",\"@id\":\"https:\\\/\\\/alissia-milena.ch\\\/wp-content\\\/uploads\\\/2025\\\/10\\\/cropped-Emblematic-Logo-with-Mystical-Aesthetic-1.png\",\"url\":\"https:\\\/\\\/alissia-milena.ch\\\/wp-content\\\/uploads\\\/2025\\\/10\\\/cropped-Emblematic-Logo-with-Mystical-Aesthetic-1.png\",\"contentUrl\":\"https:\\\/\\\/alissia-milena.ch\\\/wp-content\\\/uploads\\\/2025\\\/10\\\/cropped-Emblematic-Logo-with-Mystical-Aesthetic-1.png\",\"width\":1023,\"height\":640,\"caption\":\"Alissia Milena\"},\"logo\":{\"@id\":\"https:\\\/\\\/alissia-milena.ch\\\/wp-content\\\/uploads\\\/2025\\\/10\\\/cropped-Emblematic-Logo-with-Mystical-Aesthetic-1.png\"},\"sameAs\":[\"https:\\\/\\\/www.facebook.com\\\/alissiamilena\",\"https:\\\/\\\/www.instagram.com\\\/alissiamilena.soundofunity\\\/\",\"https:\\\/\\\/www.youtube.com\\\/@alissiamilena335\"]}]}<\/script>\n<!-- \/ Yoast SEO plugin. -->","yoast_head_json":{"title":"Alissia Milena - Alissia Milena","robots":{"index":"index","follow":"follow","max-snippet":"max-snippet:-1","max-image-preview":"max-image-preview:large","max-video-preview":"max-video-preview:-1"},"canonical":"https:\/\/alissia-milena.ch\/en\/ueber-mich\/alissia-milena\/","og_locale":"en_US","og_type":"article","og_title":"Alissia Milena - Alissia Milena","og_description":"Alissia Milena erschafft mit ihrer unverwechselbaren Stimme sowie mit Harfe und Gitarre atmosph\u00e4rische Klangr\u00e4ume, die ihr Publikum auf eine tiefgehende musikalische Reise mitnehmen.Die Leidenschaft der [&hellip;]","og_url":"https:\/\/alissia-milena.ch\/en\/ueber-mich\/alissia-milena\/","og_site_name":"Alissia Milena","article_publisher":"https:\/\/www.facebook.com\/alissiamilena","article_modified_time":"2026-03-09T05:34:41+00:00","og_image":[{"width":1360,"height":2040,"url":"https:\/\/alissia-milena.ch\/wp-content\/uploads\/2025\/10\/nisihof25_026.jpg","type":"image\/jpeg"}],"twitter_card":"summary_large_image","twitter_misc":{"Est. reading time":"3 minutes"},"schema":{"@context":"https:\/\/schema.org","@graph":[{"@type":"WebPage","@id":"https:\/\/alissia-milena.ch\/ueber-mich\/alissia-milena\/","url":"https:\/\/alissia-milena.ch\/ueber-mich\/alissia-milena\/","name":"Alissia Milena - Alissia Milena","isPartOf":{"@id":"https:\/\/alissia-milena.ch\/#website"},"primaryImageOfPage":{"@id":"https:\/\/alissia-milena.ch\/ueber-mich\/alissia-milena\/#primaryimage"},"image":{"@id":"https:\/\/alissia-milena.ch\/ueber-mich\/alissia-milena\/#primaryimage"},"thumbnailUrl":"https:\/\/alissia-milena.ch\/wp-content\/uploads\/2025\/10\/nisihof25_026-683x1024.jpg","datePublished":"2025-10-06T12:18:38+00:00","dateModified":"2026-03-09T05:34:41+00:00","breadcrumb":{"@id":"https:\/\/alissia-milena.ch\/ueber-mich\/alissia-milena\/#breadcrumb"},"inLanguage":"en-US","potentialAction":[{"@type":"ReadAction","target":["https:\/\/alissia-milena.ch\/ueber-mich\/alissia-milena\/"]}]},{"@type":"ImageObject","inLanguage":"en-US","@id":"https:\/\/alissia-milena.ch\/ueber-mich\/alissia-milena\/#primaryimage","url":"https:\/\/alissia-milena.ch\/wp-content\/uploads\/2025\/10\/nisihof25_026-683x1024.jpg","contentUrl":"https:\/\/alissia-milena.ch\/wp-content\/uploads\/2025\/10\/nisihof25_026-683x1024.jpg"},{"@type":"BreadcrumbList","@id":"https:\/\/alissia-milena.ch\/ueber-mich\/alissia-milena\/#breadcrumb","itemListElement":[{"@type":"ListItem","position":1,"name":"Startseite","item":"https:\/\/alissia-milena.ch\/"},{"@type":"ListItem","position":2,"name":"\u00dcber mich","item":"https:\/\/alissia-milena.ch\/ueber-mich\/"},{"@type":"ListItem","position":3,"name":"Alissia Milena"}]},{"@type":"WebSite","@id":"https:\/\/alissia-milena.ch\/#website","url":"https:\/\/alissia-milena.ch\/","name":"Alissia Milena","description":"Alissia Milena","publisher":{"@id":"https:\/\/alissia-milena.ch\/#\/schema\/person\/689d62ef86fb6a107ff0264c24c5484b"},"alternateName":"Alissia Milena","potentialAction":[{"@type":"SearchAction","target":{"@type":"EntryPoint","urlTemplate":"https:\/\/alissia-milena.ch\/?s={search_term_string}"},"query-input":{"@type":"PropertyValueSpecification","valueRequired":true,"valueName":"search_term_string"}}],"inLanguage":"en-US"},{"@type":["Person","Organization"],"@id":"https:\/\/alissia-milena.ch\/#\/schema\/person\/689d62ef86fb6a107ff0264c24c5484b","name":"Alissia Milena","image":{"@type":"ImageObject","inLanguage":"en-US","@id":"https:\/\/alissia-milena.ch\/wp-content\/uploads\/2025\/10\/cropped-Emblematic-Logo-with-Mystical-Aesthetic-1.png","url":"https:\/\/alissia-milena.ch\/wp-content\/uploads\/2025\/10\/cropped-Emblematic-Logo-with-Mystical-Aesthetic-1.png","contentUrl":"https:\/\/alissia-milena.ch\/wp-content\/uploads\/2025\/10\/cropped-Emblematic-Logo-with-Mystical-Aesthetic-1.png","width":1023,"height":640,"caption":"Alissia Milena"},"logo":{"@id":"https:\/\/alissia-milena.ch\/wp-content\/uploads\/2025\/10\/cropped-Emblematic-Logo-with-Mystical-Aesthetic-1.png"},"sameAs":["https:\/\/www.facebook.com\/alissiamilena","https:\/\/www.instagram.com\/alissiamilena.soundofunity\/","https:\/\/www.youtube.com\/@alissiamilena335"]}]}},"_links":{"self":[{"href":"https:\/\/alissia-milena.ch\/en\/wp-json\/wp\/v2\/pages\/4019","targetHints":{"allow":["GET"]}}],"collection":[{"href":"https:\/\/alissia-milena.ch\/en\/wp-json\/wp\/v2\/pages"}],"about":[{"href":"https:\/\/alissia-milena.ch\/en\/wp-json\/wp\/v2\/types\/page"}],"author":[{"embeddable":true,"href":"https:\/\/alissia-milena.ch\/en\/wp-json\/wp\/v2\/users\/3"}],"replies":[{"embeddable":true,"href":"https:\/\/alissia-milena.ch\/en\/wp-json\/wp\/v2\/comments?post=4019"}],"version-history":[{"count":7,"href":"https:\/\/alissia-milena.ch\/en\/wp-json\/wp\/v2\/pages\/4019\/revisions"}],"predecessor-version":[{"id":4327,"href":"https:\/\/alissia-milena.ch\/en\/wp-json\/wp\/v2\/pages\/4019\/revisions\/4327"}],"up":[{"embeddable":true,"href":"https:\/\/alissia-milena.ch\/en\/wp-json\/wp\/v2\/pages\/61"}],"wp:attachment":[{"href":"https:\/\/alissia-milena.ch\/en\/wp-json\/wp\/v2\/media?parent=4019"}],"curies":[{"name":"wp","href":"https:\/\/api.w.org\/{rel}","templated":true}]}}