{"id":2887,"date":"2024-10-01T14:42:12","date_gmt":"2024-10-01T14:42:12","guid":{"rendered":"https:\/\/alissia-milena.ch\/?page_id=2887"},"modified":"2025-10-19T20:52:39","modified_gmt":"2025-10-19T20:52:39","slug":"band","status":"publish","type":"page","link":"https:\/\/alissia-milena.ch\/en\/ueber-mich\/band\/","title":{"rendered":"Band"},"content":{"rendered":"<figure class=\"wp-block-image alignwide size-large\"><img loading=\"lazy\" decoding=\"async\" width=\"1024\" height=\"681\" src=\"https:\/\/alissia-milena.ch\/wp-content\/uploads\/2024\/11\/alissia-milena-and-band-web-1024x681.jpg\" alt=\"\" class=\"wp-image-3628\" srcset=\"https:\/\/alissia-milena.ch\/wp-content\/uploads\/2024\/11\/alissia-milena-and-band-web-1024x681.jpg 1024w, https:\/\/alissia-milena.ch\/wp-content\/uploads\/2024\/11\/alissia-milena-and-band-web-300x200.jpg 300w, https:\/\/alissia-milena.ch\/wp-content\/uploads\/2024\/11\/alissia-milena-and-band-web-768x511.jpg 768w, https:\/\/alissia-milena.ch\/wp-content\/uploads\/2024\/11\/alissia-milena-and-band-web.jpg 1500w\" sizes=\"auto, (max-width: 1024px) 100vw, 1024px\" \/><\/figure>\n\n\n\n<p> <br>Alissia Milena has been touring with her band since autumn 2024. <br>Using various instruments and singing in multiple voices, the virtuoso artists make people sing along, dance or cry.<br>Ranging from tranquil Nordic to vibrant South American pieces, the new set offers a multicolored sound experience. At the heart of the \"Gaya\" tour is the connection to Mother Earth, all beings, and the Great Spirit.<\/p>\n\n\n\n<hr class=\"wp-block-separator has-alpha-channel-opacity\"\/>\n\n\n\n<h2 class=\"wp-block-heading\">The Musicans<\/h2>\n\n\n\n<div class=\"wp-block-columns is-layout-flex wp-container-core-columns-is-layout-9d6595d7 wp-block-columns-is-layout-flex\">\n<div class=\"wp-block-column is-layout-flow wp-block-column-is-layout-flow\">\n<figure class=\"wp-block-image size-full\"><img loading=\"lazy\" decoding=\"async\" width=\"1024\" height=\"1024\" src=\"https:\/\/alissia-milena.ch\/wp-content\/uploads\/2024\/11\/roland-dietisheim-alissia-milena-1-1024x1024-1.jpg\" alt=\"\" class=\"wp-image-3661\" style=\"aspect-ratio:1;object-fit:cover\" srcset=\"https:\/\/alissia-milena.ch\/wp-content\/uploads\/2024\/11\/roland-dietisheim-alissia-milena-1-1024x1024-1.jpg 1024w, https:\/\/alissia-milena.ch\/wp-content\/uploads\/2024\/11\/roland-dietisheim-alissia-milena-1-1024x1024-1-300x300.jpg 300w, https:\/\/alissia-milena.ch\/wp-content\/uploads\/2024\/11\/roland-dietisheim-alissia-milena-1-1024x1024-1-150x150.jpg 150w, https:\/\/alissia-milena.ch\/wp-content\/uploads\/2024\/11\/roland-dietisheim-alissia-milena-1-1024x1024-1-768x768.jpg 768w, https:\/\/alissia-milena.ch\/wp-content\/uploads\/2024\/11\/roland-dietisheim-alissia-milena-1-1024x1024-1-640x640.jpg 640w, https:\/\/alissia-milena.ch\/wp-content\/uploads\/2024\/11\/roland-dietisheim-alissia-milena-1-1024x1024-1-600x600.jpg 600w, https:\/\/alissia-milena.ch\/wp-content\/uploads\/2024\/11\/roland-dietisheim-alissia-milena-1-1024x1024-1-50x50.jpg 50w\" sizes=\"auto, (max-width: 1024px) 100vw, 1024px\" \/><\/figure>\n\n\n\n<p><strong>Roland Dietisheim<\/strong><br>Percussion<\/p>\n\n\n\n<p class=\"has-husk-color has-text-color has-link-color wp-elements-3bb637d9b47384f4d17778e2a9369c80\"><strong><em>&#8222;<strong>Music gives the Universe a soul<\/strong><\/em><\/strong>&#8220; ~<strong><em><strong>Platon<\/strong><\/em><\/strong><\/p>\n\n\n\n<p>Growing up in a world of jazz and deeply rooted in African American music, Roland soon developed a keen interest in experimental timbres and music from many cultures around the world. Starting with the saxophone and guitar, rhythmic instruments, which he had been self-taught since a young age, soon became his primary focus. He has toured with various Eastern European bands, from Balkan Gypsy to Klezmer, accompanied dancers and fire artists with darabuka and frame drums in the Arabic North African style, was the drummer in a Bernese folk-rock band for many years, accompanied dance projects and courses with people with disabilities, and plays everything from medieval music to experimental electronic music. Yet always with a strong connection to the roots of heartfelt improvisational music.<\/p>\n<\/div>\n\n\n\n<div class=\"wp-block-column is-layout-flow wp-block-column-is-layout-flow\">\n<figure class=\"wp-block-image size-full\"><img loading=\"lazy\" decoding=\"async\" width=\"1024\" height=\"1024\" src=\"https:\/\/alissia-milena.ch\/wp-content\/uploads\/2024\/11\/marie-steinert-alissia-milena-1024x1024-1.jpg\" alt=\"\" class=\"wp-image-3662\" style=\"aspect-ratio:1;object-fit:cover\" srcset=\"https:\/\/alissia-milena.ch\/wp-content\/uploads\/2024\/11\/marie-steinert-alissia-milena-1024x1024-1.jpg 1024w, https:\/\/alissia-milena.ch\/wp-content\/uploads\/2024\/11\/marie-steinert-alissia-milena-1024x1024-1-300x300.jpg 300w, https:\/\/alissia-milena.ch\/wp-content\/uploads\/2024\/11\/marie-steinert-alissia-milena-1024x1024-1-150x150.jpg 150w, https:\/\/alissia-milena.ch\/wp-content\/uploads\/2024\/11\/marie-steinert-alissia-milena-1024x1024-1-768x768.jpg 768w, https:\/\/alissia-milena.ch\/wp-content\/uploads\/2024\/11\/marie-steinert-alissia-milena-1024x1024-1-640x640.jpg 640w, https:\/\/alissia-milena.ch\/wp-content\/uploads\/2024\/11\/marie-steinert-alissia-milena-1024x1024-1-600x600.jpg 600w, https:\/\/alissia-milena.ch\/wp-content\/uploads\/2024\/11\/marie-steinert-alissia-milena-1024x1024-1-50x50.jpg 50w\" sizes=\"auto, (max-width: 1024px) 100vw, 1024px\" \/><\/figure>\n\n\n\n<p><strong>Marie Steinert<\/strong><br>Violin, Flute, Backing Vocals<\/p>\n\n\n\n<p class=\"has-husk-color has-text-color has-link-color wp-elements-ba97ac3cc4b993da3fbc374fd6f40dbb\"><strong><em>&#8222;<strong>Music connects people from diverse cultures and walks of life. It speaks to us on a level that goes beyond words and is, for me, the greatest source of inspiration.<\/strong><\/em><\/strong>&#8222;<\/p>\n\n\n\n<p>After receiving classical training, Marie has traveled extensively with her violin in various musical projects. Whether performing gentle folk music in Scandinavian countries, repetitive sounds and large ensembles in Israel and Morocco, or performing circus and theater art, dance music, gypsy tunes, singer-songwriters, mantra sounds, and funky beats at various festivals, concerts, and on the streets of Europe. In search of musical inspiration, she traveled to Arab countries, Africa, India, and South America to broaden her horizons and build musical bridges.<\/p>\n<\/div>\n\n\n\n<div class=\"wp-block-column is-layout-flow wp-block-column-is-layout-flow\">\n<figure class=\"wp-block-image size-full\"><img loading=\"lazy\" decoding=\"async\" width=\"1024\" height=\"1024\" src=\"https:\/\/alissia-milena.ch\/wp-content\/uploads\/2024\/11\/beat-schenkel-1024x1024-1.jpg\" alt=\"\" class=\"wp-image-3663\" style=\"aspect-ratio:1;object-fit:cover\" srcset=\"https:\/\/alissia-milena.ch\/wp-content\/uploads\/2024\/11\/beat-schenkel-1024x1024-1.jpg 1024w, https:\/\/alissia-milena.ch\/wp-content\/uploads\/2024\/11\/beat-schenkel-1024x1024-1-300x300.jpg 300w, https:\/\/alissia-milena.ch\/wp-content\/uploads\/2024\/11\/beat-schenkel-1024x1024-1-150x150.jpg 150w, https:\/\/alissia-milena.ch\/wp-content\/uploads\/2024\/11\/beat-schenkel-1024x1024-1-768x768.jpg 768w, https:\/\/alissia-milena.ch\/wp-content\/uploads\/2024\/11\/beat-schenkel-1024x1024-1-640x640.jpg 640w, https:\/\/alissia-milena.ch\/wp-content\/uploads\/2024\/11\/beat-schenkel-1024x1024-1-600x600.jpg 600w, https:\/\/alissia-milena.ch\/wp-content\/uploads\/2024\/11\/beat-schenkel-1024x1024-1-50x50.jpg 50w\" sizes=\"auto, (max-width: 1024px) 100vw, 1024px\" \/><\/figure>\n\n\n\n<p><strong>Beat Schenkel<\/strong><br>Bass, Harmonium, Guitare, Backing Vocals<\/p>\n\n\n\n<p class=\"has-husk-color has-text-color has-link-color wp-elements-e374e96583ab0a5c161b214e30c65e87\"><strong><em>&#8222;<strong>The boundless and universal language of music touches me like no other<\/strong><\/em><\/strong>&#8222;<\/p>\n\n\n\n<p>Seine musikalische Reise f\u00fchrte ihn durch eine Vielzahl an Bandprojekten und Kollaborationen &#8211; vor allem als Gitarrist &#8211; und liess ihn dabei nach und nach zu einem vielseitigen Multi-Instrumentalisten werden. <\/p>\n\n\n\n<p>Egal welches Instrument: Im Mittelpunkt steht f\u00fcr ihn immer das Gef\u00fchl f\u00fcr den Rhythmus, das seine Musik antreibt.<br>\u00a0<br>Neben Alissia Milena&#8217;s Band unterst\u00fctzt er noch weitere Musiker*innen und Formationen.<\/p>\n\n\n\n<p><a href=\"https:\/\/beatmusic.ch\" target=\"_blank\" rel=\"noreferrer noopener\">Beat's Website<\/a><\/p>\n<\/div>\n<\/div>","protected":false},"excerpt":{"rendered":"<p>Seit dem Herbst 2024 ist Alissia Milena mit ihrer Band unterwegs. Mit verschiedenen Instrumenten und mehrstimmig, singend bringen die virtuosen K\u00fcnstler*innen die Menschen zum mitsingen, [&hellip;]<\/p>\n","protected":false},"author":4,"featured_media":0,"parent":61,"menu_order":0,"comment_status":"closed","ping_status":"closed","template":"","meta":{"footnotes":""},"class_list":["post-2887","page","type-page","status-publish","hentry"],"yoast_head":"<!-- This site is optimized with the Yoast SEO plugin v27.4 - https:\/\/yoast.com\/product\/yoast-seo-wordpress\/ -->\n<title>Band - Alissia Milena<\/title>\n<meta name=\"robots\" content=\"index, follow, max-snippet:-1, max-image-preview:large, max-video-preview:-1\" \/>\n<link rel=\"canonical\" href=\"https:\/\/alissia-milena.ch\/en\/ueber-mich\/band\/\" \/>\n<meta property=\"og:locale\" content=\"en_US\" \/>\n<meta property=\"og:type\" content=\"article\" \/>\n<meta property=\"og:title\" content=\"Band - Alissia Milena\" \/>\n<meta property=\"og:description\" content=\"Seit dem Herbst 2024 ist Alissia Milena mit ihrer Band unterwegs. Mit verschiedenen Instrumenten und mehrstimmig, singend bringen die virtuosen K\u00fcnstler*innen die Menschen zum mitsingen, [&hellip;]\" \/>\n<meta property=\"og:url\" content=\"https:\/\/alissia-milena.ch\/en\/ueber-mich\/band\/\" \/>\n<meta property=\"og:site_name\" content=\"Alissia Milena\" \/>\n<meta property=\"article:publisher\" content=\"https:\/\/www.facebook.com\/alissiamilena\" \/>\n<meta property=\"article:modified_time\" content=\"2025-10-19T20:52:39+00:00\" \/>\n<meta property=\"og:image\" content=\"https:\/\/alissia-milena.ch\/wp-content\/uploads\/2024\/11\/alissia-milena-and-band-web.jpg\" \/>\n\t<meta property=\"og:image:width\" content=\"1500\" \/>\n\t<meta property=\"og:image:height\" content=\"998\" \/>\n\t<meta property=\"og:image:type\" content=\"image\/jpeg\" \/>\n<meta name=\"twitter:card\" content=\"summary_large_image\" \/>\n<meta name=\"twitter:label1\" content=\"Est. reading time\" \/>\n\t<meta name=\"twitter:data1\" content=\"3 minutes\" \/>\n<script type=\"application\/ld+json\" class=\"yoast-schema-graph\">{\"@context\":\"https:\\\/\\\/schema.org\",\"@graph\":[{\"@type\":\"WebPage\",\"@id\":\"https:\\\/\\\/alissia-milena.ch\\\/ueber-mich\\\/band\\\/\",\"url\":\"https:\\\/\\\/alissia-milena.ch\\\/ueber-mich\\\/band\\\/\",\"name\":\"Band - Alissia Milena\",\"isPartOf\":{\"@id\":\"https:\\\/\\\/alissia-milena.ch\\\/#website\"},\"primaryImageOfPage\":{\"@id\":\"https:\\\/\\\/alissia-milena.ch\\\/ueber-mich\\\/band\\\/#primaryimage\"},\"image\":{\"@id\":\"https:\\\/\\\/alissia-milena.ch\\\/ueber-mich\\\/band\\\/#primaryimage\"},\"thumbnailUrl\":\"https:\\\/\\\/alissia-milena.ch\\\/wp-content\\\/uploads\\\/2024\\\/11\\\/alissia-milena-and-band-web-1024x681.jpg\",\"datePublished\":\"2024-10-01T14:42:12+00:00\",\"dateModified\":\"2025-10-19T20:52:39+00:00\",\"breadcrumb\":{\"@id\":\"https:\\\/\\\/alissia-milena.ch\\\/ueber-mich\\\/band\\\/#breadcrumb\"},\"inLanguage\":\"en-US\",\"potentialAction\":[{\"@type\":\"ReadAction\",\"target\":[\"https:\\\/\\\/alissia-milena.ch\\\/ueber-mich\\\/band\\\/\"]}]},{\"@type\":\"ImageObject\",\"inLanguage\":\"en-US\",\"@id\":\"https:\\\/\\\/alissia-milena.ch\\\/ueber-mich\\\/band\\\/#primaryimage\",\"url\":\"https:\\\/\\\/alissia-milena.ch\\\/wp-content\\\/uploads\\\/2024\\\/11\\\/alissia-milena-and-band-web-1024x681.jpg\",\"contentUrl\":\"https:\\\/\\\/alissia-milena.ch\\\/wp-content\\\/uploads\\\/2024\\\/11\\\/alissia-milena-and-band-web-1024x681.jpg\"},{\"@type\":\"BreadcrumbList\",\"@id\":\"https:\\\/\\\/alissia-milena.ch\\\/ueber-mich\\\/band\\\/#breadcrumb\",\"itemListElement\":[{\"@type\":\"ListItem\",\"position\":1,\"name\":\"Startseite\",\"item\":\"https:\\\/\\\/alissia-milena.ch\\\/\"},{\"@type\":\"ListItem\",\"position\":2,\"name\":\"\u00dcber mich\",\"item\":\"https:\\\/\\\/alissia-milena.ch\\\/ueber-mich\\\/\"},{\"@type\":\"ListItem\",\"position\":3,\"name\":\"Band\"}]},{\"@type\":\"WebSite\",\"@id\":\"https:\\\/\\\/alissia-milena.ch\\\/#website\",\"url\":\"https:\\\/\\\/alissia-milena.ch\\\/\",\"name\":\"Alissia Milena\",\"description\":\"Alissia Milena\",\"publisher\":{\"@id\":\"https:\\\/\\\/alissia-milena.ch\\\/#\\\/schema\\\/person\\\/689d62ef86fb6a107ff0264c24c5484b\"},\"alternateName\":\"Alissia Milena\",\"potentialAction\":[{\"@type\":\"SearchAction\",\"target\":{\"@type\":\"EntryPoint\",\"urlTemplate\":\"https:\\\/\\\/alissia-milena.ch\\\/?s={search_term_string}\"},\"query-input\":{\"@type\":\"PropertyValueSpecification\",\"valueRequired\":true,\"valueName\":\"search_term_string\"}}],\"inLanguage\":\"en-US\"},{\"@type\":[\"Person\",\"Organization\"],\"@id\":\"https:\\\/\\\/alissia-milena.ch\\\/#\\\/schema\\\/person\\\/689d62ef86fb6a107ff0264c24c5484b\",\"name\":\"Alissia Milena\",\"image\":{\"@type\":\"ImageObject\",\"inLanguage\":\"en-US\",\"@id\":\"https:\\\/\\\/alissia-milena.ch\\\/wp-content\\\/uploads\\\/2025\\\/10\\\/cropped-Emblematic-Logo-with-Mystical-Aesthetic-1.png\",\"url\":\"https:\\\/\\\/alissia-milena.ch\\\/wp-content\\\/uploads\\\/2025\\\/10\\\/cropped-Emblematic-Logo-with-Mystical-Aesthetic-1.png\",\"contentUrl\":\"https:\\\/\\\/alissia-milena.ch\\\/wp-content\\\/uploads\\\/2025\\\/10\\\/cropped-Emblematic-Logo-with-Mystical-Aesthetic-1.png\",\"width\":1023,\"height\":640,\"caption\":\"Alissia Milena\"},\"logo\":{\"@id\":\"https:\\\/\\\/alissia-milena.ch\\\/wp-content\\\/uploads\\\/2025\\\/10\\\/cropped-Emblematic-Logo-with-Mystical-Aesthetic-1.png\"},\"sameAs\":[\"https:\\\/\\\/www.facebook.com\\\/alissiamilena\",\"https:\\\/\\\/www.instagram.com\\\/alissiamilena.soundofunity\\\/\",\"https:\\\/\\\/www.youtube.com\\\/@alissiamilena335\"]}]}<\/script>\n<!-- \/ Yoast SEO plugin. -->","yoast_head_json":{"title":"Band - Alissia Milena","robots":{"index":"index","follow":"follow","max-snippet":"max-snippet:-1","max-image-preview":"max-image-preview:large","max-video-preview":"max-video-preview:-1"},"canonical":"https:\/\/alissia-milena.ch\/en\/ueber-mich\/band\/","og_locale":"en_US","og_type":"article","og_title":"Band - Alissia Milena","og_description":"Seit dem Herbst 2024 ist Alissia Milena mit ihrer Band unterwegs. Mit verschiedenen Instrumenten und mehrstimmig, singend bringen die virtuosen K\u00fcnstler*innen die Menschen zum mitsingen, [&hellip;]","og_url":"https:\/\/alissia-milena.ch\/en\/ueber-mich\/band\/","og_site_name":"Alissia Milena","article_publisher":"https:\/\/www.facebook.com\/alissiamilena","article_modified_time":"2025-10-19T20:52:39+00:00","og_image":[{"width":1500,"height":998,"url":"https:\/\/alissia-milena.ch\/wp-content\/uploads\/2024\/11\/alissia-milena-and-band-web.jpg","type":"image\/jpeg"}],"twitter_card":"summary_large_image","twitter_misc":{"Est. reading time":"3 minutes"},"schema":{"@context":"https:\/\/schema.org","@graph":[{"@type":"WebPage","@id":"https:\/\/alissia-milena.ch\/ueber-mich\/band\/","url":"https:\/\/alissia-milena.ch\/ueber-mich\/band\/","name":"Band - Alissia Milena","isPartOf":{"@id":"https:\/\/alissia-milena.ch\/#website"},"primaryImageOfPage":{"@id":"https:\/\/alissia-milena.ch\/ueber-mich\/band\/#primaryimage"},"image":{"@id":"https:\/\/alissia-milena.ch\/ueber-mich\/band\/#primaryimage"},"thumbnailUrl":"https:\/\/alissia-milena.ch\/wp-content\/uploads\/2024\/11\/alissia-milena-and-band-web-1024x681.jpg","datePublished":"2024-10-01T14:42:12+00:00","dateModified":"2025-10-19T20:52:39+00:00","breadcrumb":{"@id":"https:\/\/alissia-milena.ch\/ueber-mich\/band\/#breadcrumb"},"inLanguage":"en-US","potentialAction":[{"@type":"ReadAction","target":["https:\/\/alissia-milena.ch\/ueber-mich\/band\/"]}]},{"@type":"ImageObject","inLanguage":"en-US","@id":"https:\/\/alissia-milena.ch\/ueber-mich\/band\/#primaryimage","url":"https:\/\/alissia-milena.ch\/wp-content\/uploads\/2024\/11\/alissia-milena-and-band-web-1024x681.jpg","contentUrl":"https:\/\/alissia-milena.ch\/wp-content\/uploads\/2024\/11\/alissia-milena-and-band-web-1024x681.jpg"},{"@type":"BreadcrumbList","@id":"https:\/\/alissia-milena.ch\/ueber-mich\/band\/#breadcrumb","itemListElement":[{"@type":"ListItem","position":1,"name":"Startseite","item":"https:\/\/alissia-milena.ch\/"},{"@type":"ListItem","position":2,"name":"\u00dcber mich","item":"https:\/\/alissia-milena.ch\/ueber-mich\/"},{"@type":"ListItem","position":3,"name":"Band"}]},{"@type":"WebSite","@id":"https:\/\/alissia-milena.ch\/#website","url":"https:\/\/alissia-milena.ch\/","name":"Alissia Milena","description":"Alissia Milena","publisher":{"@id":"https:\/\/alissia-milena.ch\/#\/schema\/person\/689d62ef86fb6a107ff0264c24c5484b"},"alternateName":"Alissia Milena","potentialAction":[{"@type":"SearchAction","target":{"@type":"EntryPoint","urlTemplate":"https:\/\/alissia-milena.ch\/?s={search_term_string}"},"query-input":{"@type":"PropertyValueSpecification","valueRequired":true,"valueName":"search_term_string"}}],"inLanguage":"en-US"},{"@type":["Person","Organization"],"@id":"https:\/\/alissia-milena.ch\/#\/schema\/person\/689d62ef86fb6a107ff0264c24c5484b","name":"Alissia Milena","image":{"@type":"ImageObject","inLanguage":"en-US","@id":"https:\/\/alissia-milena.ch\/wp-content\/uploads\/2025\/10\/cropped-Emblematic-Logo-with-Mystical-Aesthetic-1.png","url":"https:\/\/alissia-milena.ch\/wp-content\/uploads\/2025\/10\/cropped-Emblematic-Logo-with-Mystical-Aesthetic-1.png","contentUrl":"https:\/\/alissia-milena.ch\/wp-content\/uploads\/2025\/10\/cropped-Emblematic-Logo-with-Mystical-Aesthetic-1.png","width":1023,"height":640,"caption":"Alissia Milena"},"logo":{"@id":"https:\/\/alissia-milena.ch\/wp-content\/uploads\/2025\/10\/cropped-Emblematic-Logo-with-Mystical-Aesthetic-1.png"},"sameAs":["https:\/\/www.facebook.com\/alissiamilena","https:\/\/www.instagram.com\/alissiamilena.soundofunity\/","https:\/\/www.youtube.com\/@alissiamilena335"]}]}},"_links":{"self":[{"href":"https:\/\/alissia-milena.ch\/en\/wp-json\/wp\/v2\/pages\/2887","targetHints":{"allow":["GET"]}}],"collection":[{"href":"https:\/\/alissia-milena.ch\/en\/wp-json\/wp\/v2\/pages"}],"about":[{"href":"https:\/\/alissia-milena.ch\/en\/wp-json\/wp\/v2\/types\/page"}],"author":[{"embeddable":true,"href":"https:\/\/alissia-milena.ch\/en\/wp-json\/wp\/v2\/users\/4"}],"replies":[{"embeddable":true,"href":"https:\/\/alissia-milena.ch\/en\/wp-json\/wp\/v2\/comments?post=2887"}],"version-history":[{"count":26,"href":"https:\/\/alissia-milena.ch\/en\/wp-json\/wp\/v2\/pages\/2887\/revisions"}],"predecessor-version":[{"id":4170,"href":"https:\/\/alissia-milena.ch\/en\/wp-json\/wp\/v2\/pages\/2887\/revisions\/4170"}],"up":[{"embeddable":true,"href":"https:\/\/alissia-milena.ch\/en\/wp-json\/wp\/v2\/pages\/61"}],"wp:attachment":[{"href":"https:\/\/alissia-milena.ch\/en\/wp-json\/wp\/v2\/media?parent=2887"}],"curies":[{"name":"wp","href":"https:\/\/api.w.org\/{rel}","templated":true}]}}